{"id":320,"date":"2021-03-31T08:19:51","date_gmt":"2021-03-31T06:19:51","guid":{"rendered":"http:\/\/localhost:8888\/jeunes-pousses\/log-in\/"},"modified":"2021-10-07T10:43:39","modified_gmt":"2021-10-07T08:43:39","slug":"espace-membre","status":"publish","type":"page","link":"https:\/\/www.reseau-alliances.org\/jeunes-pousses\/espace-membre\/","title":{"rendered":"Espace membre"},"content":{"rendered":"\t\t<div data-elementor-type=\"wp-page\" data-elementor-id=\"320\" class=\"elementor elementor-320\">\n\t\t\t\t\t\t<section class=\"elementor-section elementor-top-section elementor-element elementor-element-3b1b79fb elementor-section-boxed elementor-section-height-default elementor-section-height-default\" data-id=\"3b1b79fb\" data-element_type=\"section\">\n\t\t\t\t\t\t<div class=\"elementor-container elementor-column-gap-default\">\n\t\t\t\t\t<div class=\"elementor-column elementor-col-100 elementor-top-column elementor-element elementor-element-260a7aa3\" data-id=\"260a7aa3\" data-element_type=\"column\">\n\t\t\t<div class=\"elementor-widget-wrap elementor-element-populated\">\n\t\t\t\t\t\t<div class=\"elementor-element elementor-element-cc6ddb3 elementor-widget elementor-widget-shortcode\" data-id=\"cc6ddb3\" data-element_type=\"widget\" data-widget_type=\"shortcode.default\">\n\t\t\t\t<div class=\"elementor-widget-container\">\n\t\t\t\t\t<div class=\"elementor-shortcode\"><div id=\"wppb-login-wrap\" class=\"wppb-user-forms\">\n\t\t<form name=\"wppb-loginform\" id=\"wppb-loginform\" action=\"https:\/\/www.reseau-alliances.org\/jeunes-pousses\/wp-json\/wp\/v2\/pages\/320\" method=\"post\">\n\t\t\t\n\t\t\t<p class=\"login-username\">\n\t\t\t\t<label for=\"user_login\">Adresse de messagerie<\/label>\n\t\t\t\t<input type=\"text\" name=\"log\" id=\"user_login\" class=\"input\" value=\"\" size=\"20\" \/>\n\t\t\t<\/p>\n\t\t\t<p class=\"login-password\">\n\t\t\t\t<label for=\"user_pass\">Mot de passe<\/label>\n\t\t\t\t<input type=\"password\" name=\"pwd\" id=\"user_pass\" class=\"input\" value=\"\" size=\"20\" \/>\n\t\t\t<\/p>\n\t\t\t\n\t\t\t<p class=\"login-remember\"><label><input name=\"rememberme\" type=\"checkbox\" id=\"rememberme\" value=\"forever\" \/> Se souvenir de moi<\/label><\/p>\n\t\t\t<p class=\"login-submit\">\n\t\t\t\t<input type=\"submit\" name=\"wp-submit\" id=\"wppb-submit\" class=\"button button-primary\" value=\"Se connecter\" \/>\n\t\t\t\t<input type=\"hidden\" name=\"redirect_to\" value=\"https:\/\/www.reseau-alliances.org\/jeunes-pousses\/wp-json\/wp\/v2\/pages\/320\" \/>\n\t\t\t<\/p>\n\t\t\t<input type=\"hidden\" name=\"wppb_login\" value=\"true\"\/>\n\t\t\t<input type=\"hidden\" name=\"wppb_form_location\" value=\"widget\"\/>\n\t\t\t<input type=\"hidden\" name=\"wppb_request_url\" value=\"https:\/\/www.reseau-alliances.org\/jeunes-pousses\/wp-json\/wp\/v2\/pages\/320\"\/>\n\t\t\t<input type=\"hidden\" name=\"wppb_lostpassword_url\" value=\"\"\/>\n\t\t\t<input type=\"hidden\" name=\"wppb_redirect_priority\" value=\"\"\/>\n\t\t\t<input type=\"hidden\" name=\"wppb_referer_url\" value=\"\"\/>\n\t\t\t<input type=\"hidden\" id=\"CSRFToken-wppb\" name=\"CSRFToken-wppb\" value=\"1618a6bf04\" \/><input type=\"hidden\" name=\"_wp_http_referer\" value=\"\/jeunes-pousses\/wp-json\/wp\/v2\/pages\/320\" \/>\n\t\t\t<input type=\"hidden\" name=\"wppb_redirect_check\" value=\"true\"\/>\n\t\t\t\n\t\t<\/form><\/div><\/div>\n\t\t\t\t<\/div>\n\t\t\t\t<\/div>\n\t\t\t\t<div class=\"elementor-element elementor-element-9578c1d elementor-widget elementor-widget-spacer\" data-id=\"9578c1d\" data-element_type=\"widget\" data-widget_type=\"spacer.default\">\n\t\t\t\t<div class=\"elementor-widget-container\">\n\t\t\t\t\t<div class=\"elementor-spacer\">\n\t\t\t<div class=\"elementor-spacer-inner\"><\/div>\n\t\t<\/div>\n\t\t\t\t<\/div>\n\t\t\t\t<\/div>\n\t\t\t\t\t<\/div>\n\t\t<\/div>\n\t\t\t\t\t<\/div>\n\t\t<\/section>\n\t\t\t\t<section class=\"elementor-section elementor-top-section elementor-element elementor-element-8a35e4d elementor-section-stretched not-loggedin elementor-section-boxed elementor-section-height-default elementor-section-height-default\" data-id=\"8a35e4d\" data-element_type=\"section\" data-settings=\"{&quot;stretch_section&quot;:&quot;section-stretched&quot;}\">\n\t\t\t\t\t\t<div class=\"elementor-container elementor-column-gap-default\">\n\t\t\t\t\t<div class=\"elementor-column elementor-col-50 elementor-top-column elementor-element elementor-element-7d01b85\" data-id=\"7d01b85\" data-element_type=\"column\">\n\t\t\t<div class=\"elementor-widget-wrap elementor-element-populated\">\n\t\t\t\t\t\t<div class=\"elementor-element elementor-element-ba0100b elementor-widget elementor-widget-heading\" data-id=\"ba0100b\" data-element_type=\"widget\" data-widget_type=\"heading.default\">\n\t\t\t\t<div class=\"elementor-widget-container\">\n\t\t\t<h2 class=\"elementor-heading-title elementor-size-default\">Vous n'\u00eates pas encore membre ?<\/h2>\t\t<\/div>\n\t\t\t\t<\/div>\n\t\t\t\t\t<\/div>\n\t\t<\/div>\n\t\t\t\t<div class=\"elementor-column elementor-col-50 elementor-top-column elementor-element elementor-element-4a9a85a\" data-id=\"4a9a85a\" data-element_type=\"column\">\n\t\t\t<div class=\"elementor-widget-wrap elementor-element-populated\">\n\t\t\t\t\t\t<div class=\"elementor-element elementor-element-9bec4f5 elementor-button-default elementor-widget elementor-widget-custom-block-button\" data-id=\"9bec4f5\" data-element_type=\"widget\" data-widget_type=\"custom-block-button.default\">\n\t\t\t\t<div class=\"elementor-widget-container\">\n\t\t\t\t\t<div class=\"elementor-button-wrapper\">\n\t\t\t<a href=\"https:\/\/www.reseau-alliances.org\/jeunes-pousses\/nous-contacter\/\" class=\"elementor-button elementor-button-default elementor-size-md\" role=\"button\">\n\t\t\t\t\t\t<span class=\"elementor-button-content-wrapper\">\n\t\t\t\t\t\t<span class=\"elementor-button-text\">Je rejoins les Jeunes Pousses<\/span>\n\t\t<\/span>\n\t\t\t\t\t<\/a>\n\t\t<\/div>\n\t\t\t\t<\/div>\n\t\t\t\t<\/div>\n\t\t\t\t\t<\/div>\n\t\t<\/div>\n\t\t\t\t\t<\/div>\n\t\t<\/section>\n\t\t\t\t<section class=\"elementor-section elementor-top-section elementor-element elementor-element-d89e7ce elementor-section-stretched loggedin elementor-section-boxed elementor-section-height-default elementor-section-height-default\" data-id=\"d89e7ce\" data-element_type=\"section\" data-settings=\"{&quot;stretch_section&quot;:&quot;section-stretched&quot;}\">\n\t\t\t\t\t\t<div class=\"elementor-container elementor-column-gap-default\">\n\t\t\t\t\t<div class=\"elementor-column elementor-col-50 elementor-top-column elementor-element elementor-element-9a44dca\" data-id=\"9a44dca\" data-element_type=\"column\">\n\t\t\t<div class=\"elementor-widget-wrap elementor-element-populated\">\n\t\t\t\t\t\t<div class=\"elementor-element elementor-element-36da1f2 elementor-widget elementor-widget-heading\" data-id=\"36da1f2\" data-element_type=\"widget\" data-widget_type=\"heading.default\">\n\t\t\t\t<div class=\"elementor-widget-container\">\n\t\t\t<h2 class=\"elementor-heading-title elementor-size-default\">Vous voulez \u00e9diter votre page ?<\/h2>\t\t<\/div>\n\t\t\t\t<\/div>\n\t\t\t\t\t<\/div>\n\t\t<\/div>\n\t\t\t\t<div class=\"elementor-column elementor-col-50 elementor-top-column elementor-element elementor-element-d6abe45\" data-id=\"d6abe45\" data-element_type=\"column\">\n\t\t\t<div class=\"elementor-widget-wrap elementor-element-populated\">\n\t\t\t\t\t\t<div class=\"elementor-element elementor-element-155f1a4 elementor-button-default elementor-widget elementor-widget-custom-block-button\" data-id=\"155f1a4\" data-element_type=\"widget\" data-widget_type=\"custom-block-button.default\">\n\t\t\t\t<div class=\"elementor-widget-container\">\n\t\t\t\t\t<div class=\"elementor-button-wrapper\">\n\t\t\t<a href=\"https:\/\/www.reseau-alliances.org\/jeunes-pousses\/editer-mon-profil\/\" class=\"elementor-button elementor-button-default elementor-size-md\" role=\"button\">\n\t\t\t\t\t\t<span class=\"elementor-button-content-wrapper\">\n\t\t\t\t\t\t<span class=\"elementor-button-text\">J'\u00e9dite mon profil<\/span>\n\t\t<\/span>\n\t\t\t\t\t<\/a>\n\t\t<\/div>\n\t\t\t\t<\/div>\n\t\t\t\t<\/div>\n\t\t\t\t\t<\/div>\n\t\t<\/div>\n\t\t\t\t\t<\/div>\n\t\t<\/section>\n\t\t\t\t<\/div>\n\t\t","protected":false},"excerpt":{"rendered":"<p>Vous n&rsquo;\u00eates pas encore membre ? Je rejoins les Jeunes Pousses Vous voulez \u00e9diter votre page ? J&rsquo;\u00e9dite mon profil<\/p>\n<div class=\"readmore\"><a href=\"https:\/\/www.reseau-alliances.org\/jeunes-pousses\/espace-membre\/\" title=\"Espace membre\" rel=\"nofollow\"  ><\/a><\/div>","protected":false},"author":3,"featured_media":0,"parent":0,"menu_order":0,"comment_status":"closed","ping_status":"closed","template":"","meta":{"_acf_changed":false,"footnotes":""},"class_list":["post-320","page","type-page","status-publish","hentry"],"acf":[],"yoast_head":"<!-- This site is optimized with the Yoast SEO plugin v23.8 - https:\/\/yoast.com\/wordpress\/plugins\/seo\/ -->\n<title>Espace membre - R\u00e9seau Alliances - Jeunes Pousses<\/title>\n<meta name=\"robots\" content=\"index, follow, max-snippet:-1, max-image-preview:large, max-video-preview:-1\" \/>\n<link rel=\"canonical\" href=\"https:\/\/www.reseau-alliances.org\/jeunes-pousses\/espace-membre\/\" \/>\n<meta property=\"og:locale\" content=\"fr_FR\" \/>\n<meta property=\"og:type\" content=\"article\" \/>\n<meta property=\"og:title\" content=\"Espace membre - R\u00e9seau Alliances - Jeunes Pousses\" \/>\n<meta property=\"og:description\" content=\"Vous n&rsquo;\u00eates pas encore membre ? Je rejoins les Jeunes Pousses Vous voulez \u00e9diter votre page ? J&rsquo;\u00e9dite mon profil\" \/>\n<meta property=\"og:url\" content=\"https:\/\/www.reseau-alliances.org\/jeunes-pousses\/espace-membre\/\" \/>\n<meta property=\"og:site_name\" content=\"R\u00e9seau Alliances - Jeunes Pousses\" \/>\n<meta property=\"article:modified_time\" content=\"2021-10-07T08:43:39+00:00\" \/>\n<meta name=\"twitter:card\" content=\"summary_large_image\" \/>\n<meta name=\"twitter:label1\" content=\"Dur\u00e9e de lecture estim\u00e9e\" \/>\n\t<meta name=\"twitter:data1\" content=\"1 minute\" \/>\n<script type=\"application\/ld+json\" class=\"yoast-schema-graph\">{\"@context\":\"https:\/\/schema.org\",\"@graph\":[{\"@type\":\"WebPage\",\"@id\":\"https:\/\/www.reseau-alliances.org\/jeunes-pousses\/espace-membre\/\",\"url\":\"https:\/\/www.reseau-alliances.org\/jeunes-pousses\/espace-membre\/\",\"name\":\"Espace membre - R\u00e9seau Alliances - Jeunes Pousses\",\"isPartOf\":{\"@id\":\"https:\/\/www.reseau-alliances.org\/jeunes-pousses\/#website\"},\"datePublished\":\"2021-03-31T06:19:51+00:00\",\"dateModified\":\"2021-10-07T08:43:39+00:00\",\"breadcrumb\":{\"@id\":\"https:\/\/www.reseau-alliances.org\/jeunes-pousses\/espace-membre\/#breadcrumb\"},\"inLanguage\":\"fr-FR\",\"potentialAction\":[{\"@type\":\"ReadAction\",\"target\":[\"https:\/\/www.reseau-alliances.org\/jeunes-pousses\/espace-membre\/\"]}]},{\"@type\":\"BreadcrumbList\",\"@id\":\"https:\/\/www.reseau-alliances.org\/jeunes-pousses\/espace-membre\/#breadcrumb\",\"itemListElement\":[{\"@type\":\"ListItem\",\"position\":1,\"name\":\"Accueil\",\"item\":\"https:\/\/www.reseau-alliances.org\/jeunes-pousses\/\"},{\"@type\":\"ListItem\",\"position\":2,\"name\":\"Espace membre\"}]},{\"@type\":\"WebSite\",\"@id\":\"https:\/\/www.reseau-alliances.org\/jeunes-pousses\/#website\",\"url\":\"https:\/\/www.reseau-alliances.org\/jeunes-pousses\/\",\"name\":\"R\u00e9seau Alliances - Jeunes Pousses\",\"description\":\"Le programme d\u2019accompagnement  \u00e0 destination des Jeunes Entrepreneurs  Responsables en Hauts-de-France\",\"publisher\":{\"@id\":\"https:\/\/www.reseau-alliances.org\/jeunes-pousses\/#organization\"},\"potentialAction\":[{\"@type\":\"SearchAction\",\"target\":{\"@type\":\"EntryPoint\",\"urlTemplate\":\"https:\/\/www.reseau-alliances.org\/jeunes-pousses\/?s={search_term_string}\"},\"query-input\":{\"@type\":\"PropertyValueSpecification\",\"valueRequired\":true,\"valueName\":\"search_term_string\"}}],\"inLanguage\":\"fr-FR\"},{\"@type\":\"Organization\",\"@id\":\"https:\/\/www.reseau-alliances.org\/jeunes-pousses\/#organization\",\"name\":\"R\u00e9seau Alliances - Jeunes Pousses\",\"url\":\"https:\/\/www.reseau-alliances.org\/jeunes-pousses\/\",\"logo\":{\"@type\":\"ImageObject\",\"inLanguage\":\"fr-FR\",\"@id\":\"https:\/\/www.reseau-alliances.org\/jeunes-pousses\/#\/schema\/logo\/image\/\",\"url\":\"https:\/\/www.reseau-alliances.org\/jeunes-pousses\/wp-content\/uploads\/2021\/04\/cropped-logo-rajp-white.png\",\"contentUrl\":\"https:\/\/www.reseau-alliances.org\/jeunes-pousses\/wp-content\/uploads\/2021\/04\/cropped-logo-rajp-white.png\",\"width\":1000,\"height\":400,\"caption\":\"R\u00e9seau Alliances - Jeunes Pousses\"},\"image\":{\"@id\":\"https:\/\/www.reseau-alliances.org\/jeunes-pousses\/#\/schema\/logo\/image\/\"}}]}<\/script>\n<!-- \/ Yoast SEO plugin. -->","yoast_head_json":{"title":"Espace membre - R\u00e9seau Alliances - Jeunes Pousses","robots":{"index":"index","follow":"follow","max-snippet":"max-snippet:-1","max-image-preview":"max-image-preview:large","max-video-preview":"max-video-preview:-1"},"canonical":"https:\/\/www.reseau-alliances.org\/jeunes-pousses\/espace-membre\/","og_locale":"fr_FR","og_type":"article","og_title":"Espace membre - R\u00e9seau Alliances - Jeunes Pousses","og_description":"Vous n&rsquo;\u00eates pas encore membre ? Je rejoins les Jeunes Pousses Vous voulez \u00e9diter votre page ? J&rsquo;\u00e9dite mon profil","og_url":"https:\/\/www.reseau-alliances.org\/jeunes-pousses\/espace-membre\/","og_site_name":"R\u00e9seau Alliances - Jeunes Pousses","article_modified_time":"2021-10-07T08:43:39+00:00","twitter_card":"summary_large_image","twitter_misc":{"Dur\u00e9e de lecture estim\u00e9e":"1 minute"},"schema":{"@context":"https:\/\/schema.org","@graph":[{"@type":"WebPage","@id":"https:\/\/www.reseau-alliances.org\/jeunes-pousses\/espace-membre\/","url":"https:\/\/www.reseau-alliances.org\/jeunes-pousses\/espace-membre\/","name":"Espace membre - R\u00e9seau Alliances - Jeunes Pousses","isPartOf":{"@id":"https:\/\/www.reseau-alliances.org\/jeunes-pousses\/#website"},"datePublished":"2021-03-31T06:19:51+00:00","dateModified":"2021-10-07T08:43:39+00:00","breadcrumb":{"@id":"https:\/\/www.reseau-alliances.org\/jeunes-pousses\/espace-membre\/#breadcrumb"},"inLanguage":"fr-FR","potentialAction":[{"@type":"ReadAction","target":["https:\/\/www.reseau-alliances.org\/jeunes-pousses\/espace-membre\/"]}]},{"@type":"BreadcrumbList","@id":"https:\/\/www.reseau-alliances.org\/jeunes-pousses\/espace-membre\/#breadcrumb","itemListElement":[{"@type":"ListItem","position":1,"name":"Accueil","item":"https:\/\/www.reseau-alliances.org\/jeunes-pousses\/"},{"@type":"ListItem","position":2,"name":"Espace membre"}]},{"@type":"WebSite","@id":"https:\/\/www.reseau-alliances.org\/jeunes-pousses\/#website","url":"https:\/\/www.reseau-alliances.org\/jeunes-pousses\/","name":"R\u00e9seau Alliances - Jeunes Pousses","description":"Le programme d\u2019accompagnement  \u00e0 destination des Jeunes Entrepreneurs  Responsables en Hauts-de-France","publisher":{"@id":"https:\/\/www.reseau-alliances.org\/jeunes-pousses\/#organization"},"potentialAction":[{"@type":"SearchAction","target":{"@type":"EntryPoint","urlTemplate":"https:\/\/www.reseau-alliances.org\/jeunes-pousses\/?s={search_term_string}"},"query-input":{"@type":"PropertyValueSpecification","valueRequired":true,"valueName":"search_term_string"}}],"inLanguage":"fr-FR"},{"@type":"Organization","@id":"https:\/\/www.reseau-alliances.org\/jeunes-pousses\/#organization","name":"R\u00e9seau Alliances - Jeunes Pousses","url":"https:\/\/www.reseau-alliances.org\/jeunes-pousses\/","logo":{"@type":"ImageObject","inLanguage":"fr-FR","@id":"https:\/\/www.reseau-alliances.org\/jeunes-pousses\/#\/schema\/logo\/image\/","url":"https:\/\/www.reseau-alliances.org\/jeunes-pousses\/wp-content\/uploads\/2021\/04\/cropped-logo-rajp-white.png","contentUrl":"https:\/\/www.reseau-alliances.org\/jeunes-pousses\/wp-content\/uploads\/2021\/04\/cropped-logo-rajp-white.png","width":1000,"height":400,"caption":"R\u00e9seau Alliances - Jeunes Pousses"},"image":{"@id":"https:\/\/www.reseau-alliances.org\/jeunes-pousses\/#\/schema\/logo\/image\/"}}]}},"_links":{"self":[{"href":"https:\/\/www.reseau-alliances.org\/jeunes-pousses\/wp-json\/wp\/v2\/pages\/320","targetHints":{"allow":["GET"]}}],"collection":[{"href":"https:\/\/www.reseau-alliances.org\/jeunes-pousses\/wp-json\/wp\/v2\/pages"}],"about":[{"href":"https:\/\/www.reseau-alliances.org\/jeunes-pousses\/wp-json\/wp\/v2\/types\/page"}],"author":[{"embeddable":true,"href":"https:\/\/www.reseau-alliances.org\/jeunes-pousses\/wp-json\/wp\/v2\/users\/3"}],"replies":[{"embeddable":true,"href":"https:\/\/www.reseau-alliances.org\/jeunes-pousses\/wp-json\/wp\/v2\/comments?post=320"}],"version-history":[{"count":5,"href":"https:\/\/www.reseau-alliances.org\/jeunes-pousses\/wp-json\/wp\/v2\/pages\/320\/revisions"}],"predecessor-version":[{"id":1645,"href":"https:\/\/www.reseau-alliances.org\/jeunes-pousses\/wp-json\/wp\/v2\/pages\/320\/revisions\/1645"}],"wp:attachment":[{"href":"https:\/\/www.reseau-alliances.org\/jeunes-pousses\/wp-json\/wp\/v2\/media?parent=320"}],"curies":[{"name":"wp","href":"https:\/\/api.w.org\/{rel}","templated":true}]}}